{"id":240583,"date":"2020-01-08T11:28:14","date_gmt":"2020-01-08T11:28:14","guid":{"rendered":"http:\/\/virtualel.com\/?post_type=product&#038;p=240583"},"modified":"2021-02-04T10:15:33","modified_gmt":"2021-02-04T10:15:33","slug":"plug","status":"publish","type":"product","link":"https:\/\/virtualel.com\/en\/product\/plug\/","title":{"rendered":"<p>Plug<\/p>"},"content":{"rendered":"<p>[et_pb_section fb_built=&rdquo;1&Prime; _builder_version=&rdquo;4.0.4&Prime; custom_margin=&rdquo;||0px||false|false&rdquo; custom_padding=&rdquo;0px||0px||false|false&rdquo;][et_pb_row _builder_version=&rdquo;3.25&Prime; background_size=&rdquo;initial&rdquo; background_position=&rdquo;top_left&rdquo; background_repeat=&rdquo;repeat&rdquo; width=&rdquo;100%&rdquo; custom_padding=&rdquo;0px||0px||false|false&rdquo;][et_pb_column type=&rdquo;4_4&Prime; _builder_version=&rdquo;3.25&Prime; custom_padding=&rdquo;|||&rdquo; custom_padding__hover=&rdquo;|||&rdquo;][et_pb_wc_breadcrumb admin_label=&rdquo;Woo Breadcrumb&rdquo; _builder_version=&rdquo;4.0.4&Prime;][\/et_pb_wc_breadcrumb][et_pb_wc_cart_notice _builder_version=&rdquo;3.0.47&Prime;][\/et_pb_wc_cart_notice][\/et_pb_column][\/et_pb_row][et_pb_row column_structure=&rdquo;1_2,1_2&Prime; _builder_version=&rdquo;3.25&Prime; background_size=&rdquo;initial&rdquo; background_position=&rdquo;top_left&rdquo; background_repeat=&rdquo;repeat&rdquo; width=&rdquo;100%&rdquo; custom_padding=&rdquo;0px||||false|false&rdquo;][et_pb_column type=&rdquo;1_2&Prime; _builder_version=&rdquo;3.25&Prime; custom_padding=&rdquo;|||&rdquo; hover_enabled=&rdquo;0&Prime; custom_padding__hover=&rdquo;|||&rdquo;][et_pb_wc_images show_product_gallery=&rdquo;off&rdquo; _builder_version=&rdquo;4.0.4&Prime;][\/et_pb_wc_images][\/et_pb_column][et_pb_column type=&rdquo;1_2&Prime; _builder_version=&rdquo;3.25&Prime; custom_padding=&rdquo;|||&rdquo; custom_padding__hover=&rdquo;|||&rdquo;][et_pb_wc_title _builder_version=&rdquo;4.0.4&Prime; hover_enabled=&rdquo;0&Prime;][\/et_pb_wc_title][et_pb_wc_rating _builder_version=&rdquo;3.0.47&Prime;][\/et_pb_wc_rating][\/et_pb_column][\/et_pb_row][et_pb_row _builder_version=&rdquo;3.25&Prime; background_size=&rdquo;initial&rdquo; background_position=&rdquo;top_left&rdquo; background_repeat=&rdquo;repeat&rdquo; width=&rdquo;100%&rdquo;][et_pb_column type=&rdquo;4_4&Prime; _builder_version=&rdquo;3.25&Prime; custom_padding=&rdquo;|||&rdquo; custom_padding__hover=&rdquo;|||&rdquo;][et_pb_wc_upsells _builder_version=&rdquo;3.0.47&Prime;][\/et_pb_wc_upsells][et_pb_wc_related_products _builder_version=&rdquo;3.0.47&Prime;][\/et_pb_wc_related_products][\/et_pb_column][\/et_pb_row][\/et_pb_section][et_pb_section fb_built=&rdquo;1&Prime; _builder_version=&rdquo;4.0.4&Prime; custom_margin=&rdquo;0px||0px||false|false&rdquo; custom_padding=&rdquo;0px||0px||false|false&rdquo;][\/et_pb_section][et_pb_section fb_built=&rdquo;1&Prime; _builder_version=&rdquo;4.0.4&Prime; custom_margin=&rdquo;0px||0px||false|false&rdquo; custom_padding=&rdquo;0px||0px||false|false&rdquo;][\/et_pb_section]<\/p>","protected":false},"excerpt":{"rendered":"<p>&Eacute;ste Enchufe, convierte cualquier dispositivo electr&oacute;nico que tengas en tu casa en un dispositivo inteligente y te da la capacidad de controlarlo desde cualquier parte donde est&eacute;s v&iacute;a nuestra aplicaci&oacute;n m&oacute;vil. Adicionalmente, podr&aacute;s llevar un registro de los consumos de energ&iacute;a de los dispositivos conectados.<\/p>","protected":false},"featured_media":240584,"template":"","meta":{"_et_pb_use_builder":"on","_et_pb_old_content":"<table>\r\n<tbody>\r\n<tr>\r\n<td width=\"294\"><strong>Tipo de Conexi\u00f3n <\/strong><\/td>\r\n<td width=\"294\">Wifi<\/td>\r\n<\/tr>\r\n<tr>\r\n<td width=\"294\"><strong>Voltaje de Entrada <\/strong><\/td>\r\n<td width=\"294\">100-240 V AC 50\/60 HZ<\/td>\r\n<\/tr>\r\n<tr>\r\n<td width=\"294\"><strong>Carga M\u00e1xima <\/strong><\/td>\r\n<td width=\"294\">1800 W<\/td>\r\n<\/tr>\r\n<tr>\r\n<td width=\"294\"><strong>Temperatura de Operaci\u00f3n <\/strong><\/td>\r\n<td width=\"294\">0 \u00b0C~ 40 \u00b0C ( 32\u00b0F ~ 104\u00b0F )<\/td>\r\n<\/tr>\r\n<tr>\r\n<td width=\"294\"><strong>Humedad de Operaci\u00f3n <\/strong><\/td>\r\n<td width=\"294\">10%-90%<\/td>\r\n<\/tr>\r\n<tr>\r\n<td width=\"294\"><strong>Dimensiones <\/strong><\/td>\r\n<td width=\"294\">110 x 62 x 67 mm<\/td>\r\n<\/tr>\r\n<tr>\r\n<td width=\"294\"><strong>Corriente nominal <\/strong><\/td>\r\n<td width=\"294\">10A<\/td>\r\n<\/tr>\r\n<\/tbody>\r\n<\/table>"},"yoast_head":"<!-- This site is optimized with the Yoast SEO plugin v14.6.1 - https:\/\/yoast.com\/wordpress\/plugins\/seo\/ -->\n<title>Plug - Energ\u00eda Inteligente-VirtualEL<\/title>\n<meta name=\"robots\"  content=\"index, follow\" \/>\n<meta name=\"googlebot\"  content=\"index, follow, max-snippet:-1, max-image-preview:large, max-video-preview:-1\" \/>\n<meta name=\"bingbot\"  content=\"index, follow, max-snippet:-1, max-image-preview:large, max-video-preview:-1\" \/>\n<link rel=\"canonical\"  href=\"https:\/\/virtualel.com\/en\/product\/plug\/\" \/>\n<meta property=\"og:locale\"  content=\"en_US\" \/>\n<meta property=\"og:type\"  content=\"article\" \/>\n<meta property=\"og:title\"  content=\"Plug - Energ\u00eda Inteligente-VirtualEL\" \/>\n<meta property=\"og:description\"  content=\"\u00c9ste Enchufe, convierte cualquier dispositivo electr\u00f3nico que tengas en tu casa en un dispositivo inteligente y te da la capacidad de controlarlo desde cualquier parte donde est\u00e9s v\u00eda nuestra aplicaci\u00f3n m\u00f3vil. Adicionalmente, podr\u00e1s llevar un registro de los consumos de energ\u00eda de los dispositivos conectados.\" \/>\n<meta property=\"og:url\"  content=\"https:\/\/virtualel.com\/en\/product\/plug\/\" \/>\n<meta property=\"og:site_name\"  content=\"Energ\u00eda Inteligente-VirtualEL\" \/>\n<meta property=\"article:modified_time\"  content=\"2021-02-04T10:15:33+00:00\" \/>\n<meta property=\"og:image\"  content=\"https:\/\/virtualel.com\/wp-content\/uploads\/2020\/01\/white-travel-adapter-845239.jpg\" \/>\n\t<meta property=\"og:image:width\" content=\"1920\" \/>\n\t<meta property=\"og:image:height\" content=\"1285\" \/>\n<meta name=\"twitter:card\" content=\"summary_large_image\" \/>\n<script type=\"application\/ld+json\" class=\"yoast-schema-graph\">{\"@context\":\"https:\/\/schema.org\",\"@graph\":[{\"@type\":\"Organization\",\"@id\":\"https:\/\/virtualel.com\/en\/#organization\",\"name\":\"VirtualEL\",\"url\":\"https:\/\/virtualel.com\/en\/\",\"sameAs\":[],\"logo\":{\"@type\":\"ImageObject\",\"@id\":\"https:\/\/virtualel.com\/en\/#logo\",\"inLanguage\":\"en-US\",\"url\":\"https:\/\/virtualel.com\/wp-content\/uploads\/2020\/07\/VirtualEL-LOGO.png\",\"width\":1647,\"height\":517,\"caption\":\"VirtualEL\"},\"image\":{\"@id\":\"https:\/\/virtualel.com\/en\/#logo\"}},{\"@type\":\"WebSite\",\"@id\":\"https:\/\/virtualel.com\/en\/#website\",\"url\":\"https:\/\/virtualel.com\/en\/\",\"name\":\"Energ\\u00eda Inteligente-VirtualEL\",\"description\":\"\",\"publisher\":{\"@id\":\"https:\/\/virtualel.com\/en\/#organization\"},\"potentialAction\":[{\"@type\":\"SearchAction\",\"target\":\"https:\/\/virtualel.com\/en\/?s={search_term_string}\",\"query-input\":\"required name=search_term_string\"}],\"inLanguage\":\"en-US\"},{\"@type\":\"ImageObject\",\"@id\":\"https:\/\/virtualel.com\/product\/plug\/#primaryimage\",\"inLanguage\":\"en-US\",\"url\":\"https:\/\/virtualel.com\/wp-content\/uploads\/2020\/01\/white-travel-adapter-845239.jpg\",\"width\":1920,\"height\":1285},{\"@type\":\"WebPage\",\"@id\":\"https:\/\/virtualel.com\/product\/plug\/#webpage\",\"url\":\"https:\/\/virtualel.com\/product\/plug\/\",\"name\":\"Plug - Energ\\u00eda Inteligente-VirtualEL\",\"isPartOf\":{\"@id\":\"https:\/\/virtualel.com\/en\/#website\"},\"primaryImageOfPage\":{\"@id\":\"https:\/\/virtualel.com\/product\/plug\/#primaryimage\"},\"datePublished\":\"2020-01-08T11:28:14+00:00\",\"dateModified\":\"2021-02-04T10:15:33+00:00\",\"inLanguage\":\"en-US\",\"potentialAction\":[{\"@type\":\"ReadAction\",\"target\":[\"https:\/\/virtualel.com\/product\/plug\/\"]}]}]}<\/script>\n<!-- \/ Yoast SEO plugin. -->","_links":{"self":[{"href":"https:\/\/virtualel.com\/en\/wp-json\/wp\/v2\/product\/240583"}],"collection":[{"href":"https:\/\/virtualel.com\/en\/wp-json\/wp\/v2\/product"}],"about":[{"href":"https:\/\/virtualel.com\/en\/wp-json\/wp\/v2\/types\/product"}],"wp:featuredmedia":[{"embeddable":true,"href":"https:\/\/virtualel.com\/en\/wp-json\/wp\/v2\/media\/240584"}],"wp:attachment":[{"href":"https:\/\/virtualel.com\/en\/wp-json\/wp\/v2\/media?parent=240583"}],"curies":[{"name":"wp","href":"https:\/\/api.w.org\/{rel}","templated":true}]}}